{"id":1413,"date":"2025-05-13T23:48:33","date_gmt":"2025-05-13T23:48:33","guid":{"rendered":"https:\/\/3i.com.mx\/?page_id=1413"},"modified":"2025-05-15T23:27:36","modified_gmt":"2025-05-15T23:27:36","slug":"venta-renta-compra","status":"publish","type":"page","link":"https:\/\/3i.com.mx\/index.php\/venta-renta-compra\/","title":{"rendered":"Venta &#8211; Renta &#8211; Compra"},"content":{"rendered":"\t\t<div data-elementor-type=\"wp-page\" data-elementor-id=\"1413\" class=\"elementor elementor-1413\">\n\t\t\t\t\t\t<section class=\"elementor-section elementor-top-section elementor-element elementor-element-4640cb12 elementor-section-stretched elementor-section-full_width elementor-section-height-default elementor-section-height-default\" data-id=\"4640cb12\" data-element_type=\"section\" data-settings=\"{&quot;stretch_section&quot;:&quot;section-stretched&quot;,&quot;background_background&quot;:&quot;classic&quot;}\">\n\t\t\t\t\t\t<div class=\"elementor-container elementor-column-gap-no\">\n\t\t\t\t\t<div class=\"elementor-column elementor-col-100 elementor-top-column elementor-element elementor-element-219384dd\" data-id=\"219384dd\" data-element_type=\"column\">\n\t\t\t<div class=\"elementor-widget-wrap elementor-element-populated\">\n\t\t\t\t\t\t<section class=\"elementor-section elementor-inner-section elementor-element elementor-element-3c541c05 elementor-section-boxed elementor-section-height-default elementor-section-height-default elementor-invisible\" data-id=\"3c541c05\" data-element_type=\"section\" data-settings=\"{&quot;animation&quot;:&quot;fadeIn&quot;}\">\n\t\t\t\t\t\t<div class=\"elementor-container elementor-column-gap-no\">\n\t\t\t\t\t<div class=\"elementor-column elementor-col-100 elementor-inner-column elementor-element elementor-element-6f4f3573\" data-id=\"6f4f3573\" data-element_type=\"column\">\n\t\t\t<div class=\"elementor-widget-wrap elementor-element-populated\">\n\t\t\t\t\t\t<div class=\"elementor-element elementor-element-6d7a2727 elementor-widget elementor-widget-heading\" data-id=\"6d7a2727\" data-element_type=\"widget\" data-widget_type=\"heading.default\">\n\t\t\t\t<div class=\"elementor-widget-container\">\n\t\t\t\t\t<h2 class=\"elementor-heading-title elementor-size-default\">Venta - Renta - Compra\n<\/h2>\t\t\t\t<\/div>\n\t\t\t\t<\/div>\n\t\t\t\t\t<\/div>\n\t\t<\/div>\n\t\t\t\t\t<\/div>\n\t\t<\/section>\n\t\t\t\t\t<\/div>\n\t\t<\/div>\n\t\t\t\t\t<\/div>\n\t\t<\/section>\n\t\t<div class=\"elementor-element elementor-element-3e545ac8 e-flex e-con-boxed e-con e-parent\" data-id=\"3e545ac8\" data-element_type=\"container\">\n\t\t\t\t\t<div class=\"e-con-inner\">\n\t\t\t\t<div class=\"elementor-element elementor-element-e3285b2 elementor-widget elementor-widget-spacer\" data-id=\"e3285b2\" data-element_type=\"widget\" data-widget_type=\"spacer.default\">\n\t\t\t\t<div class=\"elementor-widget-container\">\n\t\t\t\t\t\t\t<div class=\"elementor-spacer\">\n\t\t\t<div class=\"elementor-spacer-inner\"><\/div>\n\t\t<\/div>\n\t\t\t\t\t\t<\/div>\n\t\t\t\t<\/div>\n\t\t\t\t<div class=\"elementor-element elementor-element-1c48d3df elementor-widget elementor-widget-heading\" data-id=\"1c48d3df\" data-element_type=\"widget\" data-widget_type=\"heading.default\">\n\t\t\t\t<div class=\"elementor-widget-container\">\n\t\t\t\t\t<h2 class=\"elementor-heading-title elementor-size-default\">Vende, renta o compra con respaldo profesional<\/h2>\t\t\t\t<\/div>\n\t\t\t\t<\/div>\n\t\t\t\t<div class=\"elementor-element elementor-element-ba35c53 elementor-widget__width-initial elementor-widget elementor-widget-text-editor\" data-id=\"ba35c53\" data-element_type=\"widget\" data-widget_type=\"text-editor.default\">\n\t\t\t\t<div class=\"elementor-widget-container\">\n\t\t\t\t\t\t\t\t\t<p>Hacemos una evaluaci\u00f3n objetiva y justa para guiarte en la compra de tu nuevo hogar<\/p>\t\t\t\t\t\t\t\t<\/div>\n\t\t\t\t<\/div>\n\t\t\t\t\t<\/div>\n\t\t\t\t<\/div>\n\t\t<div class=\"elementor-element elementor-element-30b2d154 e-grid e-con-boxed e-con e-parent\" data-id=\"30b2d154\" data-element_type=\"container\">\n\t\t\t\t\t<div class=\"e-con-inner\">\n\t\t\t\t<div class=\"elementor-element elementor-element-3bd3eefc e-transform elementor-position-left elementor-position-top elementor-invisible elementor-widget elementor-widget-image-box\" data-id=\"3bd3eefc\" data-element_type=\"widget\" data-settings=\"{&quot;_animation&quot;:&quot;zoomIn&quot;,&quot;_transform_scale_effect_hover&quot;:{&quot;unit&quot;:&quot;px&quot;,&quot;size&quot;:0.90000000000000002220446049250313080847263336181640625,&quot;sizes&quot;:[]},&quot;_transform_scale_effect_hover_tablet&quot;:{&quot;unit&quot;:&quot;px&quot;,&quot;size&quot;:&quot;&quot;,&quot;sizes&quot;:[]},&quot;_transform_scale_effect_hover_mobile&quot;:{&quot;unit&quot;:&quot;px&quot;,&quot;size&quot;:&quot;&quot;,&quot;sizes&quot;:[]}}\" data-widget_type=\"image-box.default\">\n\t\t\t\t<div class=\"elementor-widget-container\">\n\t\t\t\t\t<div class=\"elementor-image-box-wrapper\"><figure class=\"elementor-image-box-img\"><img fetchpriority=\"high\" decoding=\"async\" width=\"237\" height=\"237\" src=\"https:\/\/3i.com.mx\/wp-content\/uploads\/2025\/05\/servicios-compra-venta-renta2.png\" class=\"attachment-full size-full wp-image-1429\" alt=\"\" srcset=\"https:\/\/3i.com.mx\/wp-content\/uploads\/2025\/05\/servicios-compra-venta-renta2.png 237w, https:\/\/3i.com.mx\/wp-content\/uploads\/2025\/05\/servicios-compra-venta-renta2-150x150.png 150w, https:\/\/3i.com.mx\/wp-content\/uploads\/2025\/05\/servicios-compra-venta-renta2-100x100.png 100w\" sizes=\"(max-width: 237px) 100vw, 237px\" \/><\/figure><div class=\"elementor-image-box-content\"><h3 class=\"elementor-image-box-title\">Documentaci\u00f3n<\/h3><p class=\"elementor-image-box-description\">Te ayudamos a reunir, revisar y gestionar todos los documentos necesarios para realizar una operaci\u00f3n legal, segura y sin contratiempos.<\/p><\/div><\/div>\t\t\t\t<\/div>\n\t\t\t\t<\/div>\n\t\t\t\t<div class=\"elementor-element elementor-element-b5a102d e-transform elementor-position-left elementor-position-top elementor-invisible elementor-widget elementor-widget-image-box\" data-id=\"b5a102d\" data-element_type=\"widget\" data-settings=\"{&quot;_animation&quot;:&quot;zoomIn&quot;,&quot;_transform_scale_effect_hover&quot;:{&quot;unit&quot;:&quot;px&quot;,&quot;size&quot;:0.90000000000000002220446049250313080847263336181640625,&quot;sizes&quot;:[]},&quot;_transform_scale_effect_hover_tablet&quot;:{&quot;unit&quot;:&quot;px&quot;,&quot;size&quot;:&quot;&quot;,&quot;sizes&quot;:[]},&quot;_transform_scale_effect_hover_mobile&quot;:{&quot;unit&quot;:&quot;px&quot;,&quot;size&quot;:&quot;&quot;,&quot;sizes&quot;:[]}}\" data-widget_type=\"image-box.default\">\n\t\t\t\t<div class=\"elementor-widget-container\">\n\t\t\t\t\t<div class=\"elementor-image-box-wrapper\"><figure class=\"elementor-image-box-img\"><img decoding=\"async\" width=\"237\" height=\"237\" src=\"https:\/\/3i.com.mx\/wp-content\/uploads\/2025\/05\/servicios-compra-venta-renta3.png\" class=\"attachment-full size-full wp-image-1428\" alt=\"\" srcset=\"https:\/\/3i.com.mx\/wp-content\/uploads\/2025\/05\/servicios-compra-venta-renta3.png 237w, https:\/\/3i.com.mx\/wp-content\/uploads\/2025\/05\/servicios-compra-venta-renta3-150x150.png 150w, https:\/\/3i.com.mx\/wp-content\/uploads\/2025\/05\/servicios-compra-venta-renta3-100x100.png 100w\" sizes=\"(max-width: 237px) 100vw, 237px\" \/><\/figure><div class=\"elementor-image-box-content\"><h3 class=\"elementor-image-box-title\">An\u00fanciate con nosotros<\/h3><p class=\"elementor-image-box-description\">Publicamos tu propiedad en los canales adecuados con estrategias de marketing enfocadas en el perfil correcto para acelerar la venta o renta.<\/p><\/div><\/div>\t\t\t\t<\/div>\n\t\t\t\t<\/div>\n\t\t\t\t<div class=\"elementor-element elementor-element-4164d9a1 e-transform elementor-position-left elementor-position-top elementor-invisible elementor-widget elementor-widget-image-box\" data-id=\"4164d9a1\" data-element_type=\"widget\" data-settings=\"{&quot;_animation&quot;:&quot;zoomIn&quot;,&quot;_transform_scale_effect_hover&quot;:{&quot;unit&quot;:&quot;px&quot;,&quot;size&quot;:0.90000000000000002220446049250313080847263336181640625,&quot;sizes&quot;:[]},&quot;_transform_scale_effect_hover_tablet&quot;:{&quot;unit&quot;:&quot;px&quot;,&quot;size&quot;:&quot;&quot;,&quot;sizes&quot;:[]},&quot;_transform_scale_effect_hover_mobile&quot;:{&quot;unit&quot;:&quot;px&quot;,&quot;size&quot;:&quot;&quot;,&quot;sizes&quot;:[]}}\" data-widget_type=\"image-box.default\">\n\t\t\t\t<div class=\"elementor-widget-container\">\n\t\t\t\t\t<div class=\"elementor-image-box-wrapper\"><figure class=\"elementor-image-box-img\"><img decoding=\"async\" width=\"237\" height=\"237\" src=\"https:\/\/3i.com.mx\/wp-content\/uploads\/2025\/05\/servicios-compra-venta-renta4.png\" class=\"attachment-full size-full wp-image-1427\" alt=\"\" srcset=\"https:\/\/3i.com.mx\/wp-content\/uploads\/2025\/05\/servicios-compra-venta-renta4.png 237w, https:\/\/3i.com.mx\/wp-content\/uploads\/2025\/05\/servicios-compra-venta-renta4-150x150.png 150w, https:\/\/3i.com.mx\/wp-content\/uploads\/2025\/05\/servicios-compra-venta-renta4-100x100.png 100w\" sizes=\"(max-width: 237px) 100vw, 237px\" \/><\/figure><div class=\"elementor-image-box-content\"><h3 class=\"elementor-image-box-title\">Encontramos al comprador o inquilino ideal<\/h3><p class=\"elementor-image-box-description\">Realizamos filtros y evaluaciones para presentarte \u00fanicamente a personas calificadas y con alto potencial de cierre.<\/p><\/div><\/div>\t\t\t\t<\/div>\n\t\t\t\t<\/div>\n\t\t\t\t\t<\/div>\n\t\t\t\t<\/div>\n\t\t<div class=\"elementor-element elementor-element-72b1e971 e-grid e-con-boxed e-con e-parent\" data-id=\"72b1e971\" data-element_type=\"container\">\n\t\t\t\t\t<div class=\"e-con-inner\">\n\t\t\t\t\t<\/div>\n\t\t\t\t<\/div>\n\t\t<div class=\"elementor-element elementor-element-10270b74 e-flex e-con-boxed e-con e-parent\" data-id=\"10270b74\" data-element_type=\"container\">\n\t\t\t\t\t<div class=\"e-con-inner\">\n\t\t\t\t<div class=\"elementor-element elementor-element-3a5a6b36 elementor-widget__width-initial elementor-widget elementor-widget-text-editor\" data-id=\"3a5a6b36\" data-element_type=\"widget\" data-widget_type=\"text-editor.default\">\n\t\t\t\t<div class=\"elementor-widget-container\">\n\t\t\t\t\t\t\t\t\t<p>\u00bfBuscas vender, rentar o adquirir un inmueble?<br data-start=\"371\" data-end=\"374\" \/><strong data-start=\"374\" data-end=\"443\">An\u00fanciate con nosotros o agenda una cita para comenzar hoy mismo.<\/strong><\/p>\t\t\t\t\t\t\t\t<\/div>\n\t\t\t\t<\/div>\n\t\t\t\t<div class=\"elementor-element elementor-element-6b5caabb elementor-widget elementor-widget-eael-creative-button\" data-id=\"6b5caabb\" data-element_type=\"widget\" data-widget_type=\"eael-creative-button.default\">\n\t\t\t\t<div class=\"elementor-widget-container\">\n\t\t\t\t\t        <div class=\"eael-creative-button-wrapper\">\n\n            <a class=\"eael-creative-button eael-creative-button--ujarak\" href=\"https:\/\/wa.me\/message\/LIHSNCOEF74DL1\" data-text=\"Go!\">\n\n\t    \n                <div class=\"creative-button-inner\">\n\n                                            <span class=\"eael-creative-button-icon-left\"><svg aria-hidden=\"true\" class=\"e-font-icon-svg e-fas-file-download\" viewBox=\"0 0 384 512\" xmlns=\"http:\/\/www.w3.org\/2000\/svg\"><path d=\"M224 136V0H24C10.7 0 0 10.7 0 24v464c0 13.3 10.7 24 24 24h336c13.3 0 24-10.7 24-24V160H248c-13.2 0-24-10.8-24-24zm76.45 211.36l-96.42 95.7c-6.65 6.61-17.39 6.61-24.04 0l-96.42-95.7C73.42 337.29 80.54 320 94.82 320H160v-80c0-8.84 7.16-16 16-16h32c8.84 0 16 7.16 16 16v80h65.18c14.28 0 21.4 17.29 11.27 27.36zM377 105L279.1 7c-4.5-4.5-10.6-7-17-7H256v128h128v-6.1c0-6.3-2.5-12.4-7-16.9z\"><\/path><\/svg><\/span>                    \n                    <span class=\"cretive-button-text\">Contactar<\/span>\n\n                                    <\/div>\n\t                        <\/a>\n        <\/div>\n\t\t\t\t<\/div>\n\t\t\t\t<\/div>\n\t\t\t\t\t<\/div>\n\t\t\t\t<\/div>\n\t\t\t\t<\/div>\n\t\t","protected":false},"excerpt":{"rendered":"<p>Venta &#8211; Renta &#8211; Compra Vende, renta o compra con respaldo profesional Hacemos una evaluaci\u00f3n objetiva y justa para guiarte en la compra de tu nuevo hogar Documentaci\u00f3n Te ayudamos a reunir, revisar y gestionar todos los documentos necesarios para realizar una operaci\u00f3n legal, segura y sin contratiempos. An\u00fanciate con nosotros Publicamos tu propiedad en [&hellip;]<\/p>\n","protected":false},"author":1,"featured_media":0,"parent":0,"menu_order":0,"comment_status":"closed","ping_status":"closed","template":"elementor_header_footer","meta":{"_eb_attr":"","pagelayer_contact_templates":[],"_pagelayer_content":"","footnotes":""},"class_list":["post-1413","page","type-page","status-publish","hentry"],"_links":{"self":[{"href":"https:\/\/3i.com.mx\/index.php\/wp-json\/wp\/v2\/pages\/1413","targetHints":{"allow":["GET"]}}],"collection":[{"href":"https:\/\/3i.com.mx\/index.php\/wp-json\/wp\/v2\/pages"}],"about":[{"href":"https:\/\/3i.com.mx\/index.php\/wp-json\/wp\/v2\/types\/page"}],"author":[{"embeddable":true,"href":"https:\/\/3i.com.mx\/index.php\/wp-json\/wp\/v2\/users\/1"}],"replies":[{"embeddable":true,"href":"https:\/\/3i.com.mx\/index.php\/wp-json\/wp\/v2\/comments?post=1413"}],"version-history":[{"count":16,"href":"https:\/\/3i.com.mx\/index.php\/wp-json\/wp\/v2\/pages\/1413\/revisions"}],"predecessor-version":[{"id":1588,"href":"https:\/\/3i.com.mx\/index.php\/wp-json\/wp\/v2\/pages\/1413\/revisions\/1588"}],"wp:attachment":[{"href":"https:\/\/3i.com.mx\/index.php\/wp-json\/wp\/v2\/media?parent=1413"}],"curies":[{"name":"wp","href":"https:\/\/api.w.org\/{rel}","templated":true}]}}