{"id":1377,"date":"2025-05-13T23:32:41","date_gmt":"2025-05-13T23:32:41","guid":{"rendered":"https:\/\/3i.com.mx\/?page_id=1377"},"modified":"2025-05-13T23:47:30","modified_gmt":"2025-05-13T23:47:30","slug":"administracion-de-inmueble","status":"publish","type":"page","link":"https:\/\/3i.com.mx\/index.php\/administracion-de-inmueble\/","title":{"rendered":"Administraci\u00f3n de inmueble"},"content":{"rendered":"\t\t<div data-elementor-type=\"wp-page\" data-elementor-id=\"1377\" class=\"elementor elementor-1377\">\n\t\t\t\t\t\t<section class=\"elementor-section elementor-top-section elementor-element elementor-element-3eaaaffc elementor-section-stretched elementor-section-full_width elementor-section-height-default elementor-section-height-default\" data-id=\"3eaaaffc\" data-element_type=\"section\" data-settings=\"{&quot;stretch_section&quot;:&quot;section-stretched&quot;,&quot;background_background&quot;:&quot;classic&quot;}\">\n\t\t\t\t\t\t<div class=\"elementor-container elementor-column-gap-no\">\n\t\t\t\t\t<div class=\"elementor-column elementor-col-100 elementor-top-column elementor-element elementor-element-2d2d9aba\" data-id=\"2d2d9aba\" data-element_type=\"column\">\n\t\t\t<div class=\"elementor-widget-wrap elementor-element-populated\">\n\t\t\t\t\t\t<section class=\"elementor-section elementor-inner-section elementor-element elementor-element-48d803fc elementor-section-boxed elementor-section-height-default elementor-section-height-default elementor-invisible\" data-id=\"48d803fc\" data-element_type=\"section\" data-settings=\"{&quot;animation&quot;:&quot;fadeIn&quot;}\">\n\t\t\t\t\t\t<div class=\"elementor-container elementor-column-gap-no\">\n\t\t\t\t\t<div class=\"elementor-column elementor-col-100 elementor-inner-column elementor-element elementor-element-6554cfad\" data-id=\"6554cfad\" data-element_type=\"column\">\n\t\t\t<div class=\"elementor-widget-wrap elementor-element-populated\">\n\t\t\t\t\t\t<div class=\"elementor-element elementor-element-6606957c elementor-widget elementor-widget-heading\" data-id=\"6606957c\" data-element_type=\"widget\" data-widget_type=\"heading.default\">\n\t\t\t\t<div class=\"elementor-widget-container\">\n\t\t\t\t\t<h2 class=\"elementor-heading-title elementor-size-default\">Administraci\u00f3n de Inmuebles<\/h2>\t\t\t\t<\/div>\n\t\t\t\t<\/div>\n\t\t\t\t\t<\/div>\n\t\t<\/div>\n\t\t\t\t\t<\/div>\n\t\t<\/section>\n\t\t\t\t\t<\/div>\n\t\t<\/div>\n\t\t\t\t\t<\/div>\n\t\t<\/section>\n\t\t<div class=\"elementor-element elementor-element-744098b0 e-flex e-con-boxed e-con e-parent\" data-id=\"744098b0\" data-element_type=\"container\">\n\t\t\t\t\t<div class=\"e-con-inner\">\n\t\t\t\t<div class=\"elementor-element elementor-element-6c1cc034 elementor-widget elementor-widget-spacer\" data-id=\"6c1cc034\" data-element_type=\"widget\" data-widget_type=\"spacer.default\">\n\t\t\t\t<div class=\"elementor-widget-container\">\n\t\t\t\t\t\t\t<div class=\"elementor-spacer\">\n\t\t\t<div class=\"elementor-spacer-inner\"><\/div>\n\t\t<\/div>\n\t\t\t\t\t\t<\/div>\n\t\t\t\t<\/div>\n\t\t\t\t<div class=\"elementor-element elementor-element-5cf4c046 elementor-widget elementor-widget-heading\" data-id=\"5cf4c046\" data-element_type=\"widget\" data-widget_type=\"heading.default\">\n\t\t\t\t<div class=\"elementor-widget-container\">\n\t\t\t\t\t<h2 class=\"elementor-heading-title elementor-size-default\">Deja tu propiedad en manos expertas<\/h2>\t\t\t\t<\/div>\n\t\t\t\t<\/div>\n\t\t\t\t<div class=\"elementor-element elementor-element-14e5b2ca elementor-widget__width-initial elementor-widget elementor-widget-text-editor\" data-id=\"14e5b2ca\" data-element_type=\"widget\" data-widget_type=\"text-editor.default\">\n\t\t\t\t<div class=\"elementor-widget-container\">\n\t\t\t\t\t\t\t\t\t<p>Nosotros nos encargamos de todo: desde seleccionar al inquilino ideal hasta mantener tu inmueble en las mejores condiciones.<\/p>\t\t\t\t\t\t\t\t<\/div>\n\t\t\t\t<\/div>\n\t\t\t\t\t<\/div>\n\t\t\t\t<\/div>\n\t\t<div class=\"elementor-element elementor-element-488c214e e-grid e-con-boxed e-con e-parent\" data-id=\"488c214e\" data-element_type=\"container\">\n\t\t\t\t\t<div class=\"e-con-inner\">\n\t\t\t\t<div class=\"elementor-element elementor-element-11e39e87 e-transform elementor-position-left elementor-position-top elementor-invisible elementor-widget elementor-widget-image-box\" data-id=\"11e39e87\" data-element_type=\"widget\" data-settings=\"{&quot;_animation&quot;:&quot;zoomIn&quot;,&quot;_transform_scale_effect_hover&quot;:{&quot;unit&quot;:&quot;px&quot;,&quot;size&quot;:0.90000000000000002220446049250313080847263336181640625,&quot;sizes&quot;:[]},&quot;_transform_scale_effect_hover_tablet&quot;:{&quot;unit&quot;:&quot;px&quot;,&quot;size&quot;:&quot;&quot;,&quot;sizes&quot;:[]},&quot;_transform_scale_effect_hover_mobile&quot;:{&quot;unit&quot;:&quot;px&quot;,&quot;size&quot;:&quot;&quot;,&quot;sizes&quot;:[]}}\" data-widget_type=\"image-box.default\">\n\t\t\t\t<div class=\"elementor-widget-container\">\n\t\t\t\t\t<div class=\"elementor-image-box-wrapper\"><figure class=\"elementor-image-box-img\"><img fetchpriority=\"high\" decoding=\"async\" width=\"237\" height=\"237\" src=\"https:\/\/3i.com.mx\/wp-content\/uploads\/2025\/05\/servicios-administracion7.png\" class=\"attachment-full size-full wp-image-1401\" alt=\"\" srcset=\"https:\/\/3i.com.mx\/wp-content\/uploads\/2025\/05\/servicios-administracion7.png 237w, https:\/\/3i.com.mx\/wp-content\/uploads\/2025\/05\/servicios-administracion7-150x150.png 150w, https:\/\/3i.com.mx\/wp-content\/uploads\/2025\/05\/servicios-administracion7-100x100.png 100w\" sizes=\"(max-width: 237px) 100vw, 237px\" \/><\/figure><div class=\"elementor-image-box-content\"><h3 class=\"elementor-image-box-title\">Investigaci\u00f3n de inquilinos<\/h3><p class=\"elementor-image-box-description\">Verificamos antecedentes, referencias laborales y financieras para asegurar que tus inquilinos sean confiables y solventes. Nuestro objetivo: minimizar riesgos y proteger tu patrimonio.<\/p><\/div><\/div>\t\t\t\t<\/div>\n\t\t\t\t<\/div>\n\t\t\t\t<div class=\"elementor-element elementor-element-e0b0b9b e-transform elementor-position-left elementor-position-top elementor-invisible elementor-widget elementor-widget-image-box\" data-id=\"e0b0b9b\" data-element_type=\"widget\" data-settings=\"{&quot;_animation&quot;:&quot;zoomIn&quot;,&quot;_transform_scale_effect_hover&quot;:{&quot;unit&quot;:&quot;px&quot;,&quot;size&quot;:0.90000000000000002220446049250313080847263336181640625,&quot;sizes&quot;:[]},&quot;_transform_scale_effect_hover_tablet&quot;:{&quot;unit&quot;:&quot;px&quot;,&quot;size&quot;:&quot;&quot;,&quot;sizes&quot;:[]},&quot;_transform_scale_effect_hover_mobile&quot;:{&quot;unit&quot;:&quot;px&quot;,&quot;size&quot;:&quot;&quot;,&quot;sizes&quot;:[]}}\" data-widget_type=\"image-box.default\">\n\t\t\t\t<div class=\"elementor-widget-container\">\n\t\t\t\t\t<div class=\"elementor-image-box-wrapper\"><figure class=\"elementor-image-box-img\"><img decoding=\"async\" width=\"237\" height=\"237\" src=\"https:\/\/3i.com.mx\/wp-content\/uploads\/2025\/05\/servicios-administracion1.png\" class=\"attachment-full size-full wp-image-1400\" alt=\"\" srcset=\"https:\/\/3i.com.mx\/wp-content\/uploads\/2025\/05\/servicios-administracion1.png 237w, https:\/\/3i.com.mx\/wp-content\/uploads\/2025\/05\/servicios-administracion1-150x150.png 150w, https:\/\/3i.com.mx\/wp-content\/uploads\/2025\/05\/servicios-administracion1-100x100.png 100w\" sizes=\"(max-width: 237px) 100vw, 237px\" \/><\/figure><div class=\"elementor-image-box-content\"><h3 class=\"elementor-image-box-title\">Celebraci\u00f3n de contratos de arrendamiento<\/h3><p class=\"elementor-image-box-description\">Redactamos y formalizamos contratos claros y alineados con la ley, que protegen tus intereses y regulan adecuadamente la relaci\u00f3n arrendaticia.<\/p><\/div><\/div>\t\t\t\t<\/div>\n\t\t\t\t<\/div>\n\t\t\t\t<div class=\"elementor-element elementor-element-44783b5b e-transform elementor-position-left elementor-position-top elementor-invisible elementor-widget elementor-widget-image-box\" data-id=\"44783b5b\" data-element_type=\"widget\" data-settings=\"{&quot;_animation&quot;:&quot;zoomIn&quot;,&quot;_transform_scale_effect_hover&quot;:{&quot;unit&quot;:&quot;px&quot;,&quot;size&quot;:0.90000000000000002220446049250313080847263336181640625,&quot;sizes&quot;:[]},&quot;_transform_scale_effect_hover_tablet&quot;:{&quot;unit&quot;:&quot;px&quot;,&quot;size&quot;:&quot;&quot;,&quot;sizes&quot;:[]},&quot;_transform_scale_effect_hover_mobile&quot;:{&quot;unit&quot;:&quot;px&quot;,&quot;size&quot;:&quot;&quot;,&quot;sizes&quot;:[]}}\" data-widget_type=\"image-box.default\">\n\t\t\t\t<div class=\"elementor-widget-container\">\n\t\t\t\t\t<div class=\"elementor-image-box-wrapper\"><figure class=\"elementor-image-box-img\"><img decoding=\"async\" width=\"237\" height=\"237\" src=\"https:\/\/3i.com.mx\/wp-content\/uploads\/2025\/05\/servicios-administracion2.png\" class=\"attachment-full size-full wp-image-1404\" alt=\"\" srcset=\"https:\/\/3i.com.mx\/wp-content\/uploads\/2025\/05\/servicios-administracion2.png 237w, https:\/\/3i.com.mx\/wp-content\/uploads\/2025\/05\/servicios-administracion2-150x150.png 150w, https:\/\/3i.com.mx\/wp-content\/uploads\/2025\/05\/servicios-administracion2-100x100.png 100w\" sizes=\"(max-width: 237px) 100vw, 237px\" \/><\/figure><div class=\"elementor-image-box-content\"><h3 class=\"elementor-image-box-title\">Reglamento interno<\/h3><p class=\"elementor-image-box-description\">Establecemos normas de convivencia y uso del inmueble para prevenir conflictos y mantener el orden en propiedades de uso habitacional, comercial o mixto.<\/p><\/div><\/div>\t\t\t\t<\/div>\n\t\t\t\t<\/div>\n\t\t\t\t\t<\/div>\n\t\t\t\t<\/div>\n\t\t<div class=\"elementor-element elementor-element-9254f70 e-grid e-con-boxed e-con e-parent\" data-id=\"9254f70\" data-element_type=\"container\">\n\t\t\t\t\t<div class=\"e-con-inner\">\n\t\t\t\t<div class=\"elementor-element elementor-element-2d6e6df e-transform elementor-position-left elementor-position-top elementor-invisible elementor-widget elementor-widget-image-box\" data-id=\"2d6e6df\" data-element_type=\"widget\" data-settings=\"{&quot;_animation&quot;:&quot;zoomIn&quot;,&quot;_transform_scale_effect_hover&quot;:{&quot;unit&quot;:&quot;px&quot;,&quot;size&quot;:0.90000000000000002220446049250313080847263336181640625,&quot;sizes&quot;:[]},&quot;_transform_scale_effect_hover_tablet&quot;:{&quot;unit&quot;:&quot;px&quot;,&quot;size&quot;:&quot;&quot;,&quot;sizes&quot;:[]},&quot;_transform_scale_effect_hover_mobile&quot;:{&quot;unit&quot;:&quot;px&quot;,&quot;size&quot;:&quot;&quot;,&quot;sizes&quot;:[]}}\" data-widget_type=\"image-box.default\">\n\t\t\t\t<div class=\"elementor-widget-container\">\n\t\t\t\t\t<div class=\"elementor-image-box-wrapper\"><figure class=\"elementor-image-box-img\"><img loading=\"lazy\" decoding=\"async\" width=\"237\" height=\"237\" src=\"https:\/\/3i.com.mx\/wp-content\/uploads\/2025\/05\/servicios-administracion3.png\" class=\"attachment-full size-full wp-image-1405\" alt=\"\" srcset=\"https:\/\/3i.com.mx\/wp-content\/uploads\/2025\/05\/servicios-administracion3.png 237w, https:\/\/3i.com.mx\/wp-content\/uploads\/2025\/05\/servicios-administracion3-150x150.png 150w, https:\/\/3i.com.mx\/wp-content\/uploads\/2025\/05\/servicios-administracion3-100x100.png 100w\" sizes=\"(max-width: 237px) 100vw, 237px\" \/><\/figure><div class=\"elementor-image-box-content\"><h3 class=\"elementor-image-box-title\">Control y pago de servicios a proveedores<\/h3><p class=\"elementor-image-box-description\">Nos encargamos de coordinar y liquidar pagos de servicios como seguridad, mantenimiento, jardiner\u00eda, limpieza o administraci\u00f3n de condominios, manteniendo tus cuentas en orden.<\/p><\/div><\/div>\t\t\t\t<\/div>\n\t\t\t\t<\/div>\n\t\t\t\t<div class=\"elementor-element elementor-element-0cc2a96 e-transform elementor-position-left elementor-position-top elementor-invisible elementor-widget elementor-widget-image-box\" data-id=\"0cc2a96\" data-element_type=\"widget\" data-settings=\"{&quot;_animation&quot;:&quot;zoomIn&quot;,&quot;_transform_scale_effect_hover&quot;:{&quot;unit&quot;:&quot;px&quot;,&quot;size&quot;:0.90000000000000002220446049250313080847263336181640625,&quot;sizes&quot;:[]},&quot;_transform_scale_effect_hover_tablet&quot;:{&quot;unit&quot;:&quot;px&quot;,&quot;size&quot;:&quot;&quot;,&quot;sizes&quot;:[]},&quot;_transform_scale_effect_hover_mobile&quot;:{&quot;unit&quot;:&quot;px&quot;,&quot;size&quot;:&quot;&quot;,&quot;sizes&quot;:[]}}\" data-widget_type=\"image-box.default\">\n\t\t\t\t<div class=\"elementor-widget-container\">\n\t\t\t\t\t<div class=\"elementor-image-box-wrapper\"><figure class=\"elementor-image-box-img\"><img loading=\"lazy\" decoding=\"async\" width=\"237\" height=\"237\" src=\"https:\/\/3i.com.mx\/wp-content\/uploads\/2025\/05\/servicios-administracion4.png\" class=\"attachment-full size-full wp-image-1406\" alt=\"\" srcset=\"https:\/\/3i.com.mx\/wp-content\/uploads\/2025\/05\/servicios-administracion4.png 237w, https:\/\/3i.com.mx\/wp-content\/uploads\/2025\/05\/servicios-administracion4-150x150.png 150w, https:\/\/3i.com.mx\/wp-content\/uploads\/2025\/05\/servicios-administracion4-100x100.png 100w\" sizes=\"(max-width: 237px) 100vw, 237px\" \/><\/figure><div class=\"elementor-image-box-content\"><h3 class=\"elementor-image-box-title\">Supervisi\u00f3n peri\u00f3dica del inmueble<\/h3><p class=\"elementor-image-box-description\">Realizamos visitas regulares para revisar el estado f\u00edsico del inmueble, detectar necesidades de mantenimiento y asegurar el cumplimiento de las normas del arrendamiento.<\/p><\/div><\/div>\t\t\t\t<\/div>\n\t\t\t\t<\/div>\n\t\t\t\t<div class=\"elementor-element elementor-element-4d6f6ad e-transform elementor-position-left elementor-position-top elementor-invisible elementor-widget elementor-widget-image-box\" data-id=\"4d6f6ad\" data-element_type=\"widget\" data-settings=\"{&quot;_animation&quot;:&quot;zoomIn&quot;,&quot;_transform_scale_effect_hover&quot;:{&quot;unit&quot;:&quot;px&quot;,&quot;size&quot;:0.90000000000000002220446049250313080847263336181640625,&quot;sizes&quot;:[]},&quot;_transform_scale_effect_hover_tablet&quot;:{&quot;unit&quot;:&quot;px&quot;,&quot;size&quot;:&quot;&quot;,&quot;sizes&quot;:[]},&quot;_transform_scale_effect_hover_mobile&quot;:{&quot;unit&quot;:&quot;px&quot;,&quot;size&quot;:&quot;&quot;,&quot;sizes&quot;:[]}}\" data-widget_type=\"image-box.default\">\n\t\t\t\t<div class=\"elementor-widget-container\">\n\t\t\t\t\t<div class=\"elementor-image-box-wrapper\"><figure class=\"elementor-image-box-img\"><img loading=\"lazy\" decoding=\"async\" width=\"237\" height=\"237\" src=\"https:\/\/3i.com.mx\/wp-content\/uploads\/2025\/05\/servicios-administracion5.png\" class=\"attachment-full size-full wp-image-1403\" alt=\"\" srcset=\"https:\/\/3i.com.mx\/wp-content\/uploads\/2025\/05\/servicios-administracion5.png 237w, https:\/\/3i.com.mx\/wp-content\/uploads\/2025\/05\/servicios-administracion5-150x150.png 150w, https:\/\/3i.com.mx\/wp-content\/uploads\/2025\/05\/servicios-administracion5-100x100.png 100w\" sizes=\"(max-width: 237px) 100vw, 237px\" \/><\/figure><div class=\"elementor-image-box-content\"><h3 class=\"elementor-image-box-title\">Limpieza y mantenimiento general<\/h3><p class=\"elementor-image-box-description\">Coordinamos la limpieza profunda y el mantenimiento b\u00e1sico del inmueble, tanto en \u00e1reas comunes como privadas, para conservar su valor y presentaci\u00f3n.<\/p><\/div><\/div>\t\t\t\t<\/div>\n\t\t\t\t<\/div>\n\t\t\t\t\t<\/div>\n\t\t\t\t<\/div>\n\t\t<div class=\"elementor-element elementor-element-e9da938 e-grid e-con-boxed e-con e-parent\" data-id=\"e9da938\" data-element_type=\"container\">\n\t\t\t\t\t<div class=\"e-con-inner\">\n\t\t\t\t<div class=\"elementor-element elementor-element-480c938 e-transform elementor-position-left elementor-position-top elementor-invisible elementor-widget elementor-widget-image-box\" data-id=\"480c938\" data-element_type=\"widget\" data-settings=\"{&quot;_animation&quot;:&quot;zoomIn&quot;,&quot;_transform_scale_effect_hover&quot;:{&quot;unit&quot;:&quot;px&quot;,&quot;size&quot;:0.90000000000000002220446049250313080847263336181640625,&quot;sizes&quot;:[]},&quot;_transform_scale_effect_hover_tablet&quot;:{&quot;unit&quot;:&quot;px&quot;,&quot;size&quot;:&quot;&quot;,&quot;sizes&quot;:[]},&quot;_transform_scale_effect_hover_mobile&quot;:{&quot;unit&quot;:&quot;px&quot;,&quot;size&quot;:&quot;&quot;,&quot;sizes&quot;:[]}}\" data-widget_type=\"image-box.default\">\n\t\t\t\t<div class=\"elementor-widget-container\">\n\t\t\t\t\t<div class=\"elementor-image-box-wrapper\"><figure class=\"elementor-image-box-img\"><img loading=\"lazy\" decoding=\"async\" width=\"237\" height=\"237\" src=\"https:\/\/3i.com.mx\/wp-content\/uploads\/2025\/05\/servicios-administracion6.png\" class=\"attachment-full size-full wp-image-1402\" alt=\"\" srcset=\"https:\/\/3i.com.mx\/wp-content\/uploads\/2025\/05\/servicios-administracion6.png 237w, https:\/\/3i.com.mx\/wp-content\/uploads\/2025\/05\/servicios-administracion6-150x150.png 150w, https:\/\/3i.com.mx\/wp-content\/uploads\/2025\/05\/servicios-administracion6-100x100.png 100w\" sizes=\"(max-width: 237px) 100vw, 237px\" \/><\/figure><div class=\"elementor-image-box-content\"><h3 class=\"elementor-image-box-title\">Procesos previos y posteriores<\/h3><p class=\"elementor-image-box-description\">Te apoyamos desde la promoci\u00f3n y entrega del inmueble hasta la devoluci\u00f3n, incluyendo inventarios, levantamientos fotogr\u00e1ficos, firma de actas y cierre de servicios.<\/p><\/div><\/div>\t\t\t\t<\/div>\n\t\t\t\t<\/div>\n\t\t\t\t\t<\/div>\n\t\t\t\t<\/div>\n\t\t<div class=\"elementor-element elementor-element-2224e85 e-flex e-con-boxed e-con e-parent\" data-id=\"2224e85\" data-element_type=\"container\">\n\t\t\t\t\t<div class=\"e-con-inner\">\n\t\t\t\t<div class=\"elementor-element elementor-element-febd8c0 elementor-widget__width-initial elementor-widget elementor-widget-text-editor\" data-id=\"febd8c0\" data-element_type=\"widget\" data-widget_type=\"text-editor.default\">\n\t\t\t\t<div class=\"elementor-widget-container\">\n\t\t\t\t\t\t\t\t\t<p>Solicita una asesor\u00eda sin costo y descubre c\u00f3mo podemos ayudarte a administrar tu propiedad con eficiencia y tranquilidad.<\/p>\t\t\t\t\t\t\t\t<\/div>\n\t\t\t\t<\/div>\n\t\t\t\t<div class=\"elementor-element elementor-element-ad0cbc2 elementor-widget elementor-widget-eael-creative-button\" data-id=\"ad0cbc2\" data-element_type=\"widget\" data-widget_type=\"eael-creative-button.default\">\n\t\t\t\t<div class=\"elementor-widget-container\">\n\t\t\t\t\t        <div class=\"eael-creative-button-wrapper\">\n\n            <a class=\"eael-creative-button eael-creative-button--ujarak\" href=\"https:\/\/wa.me\/message\/LIHSNCOEF74DL1\" data-text=\"Go!\">\n\n\t    \n                <div class=\"creative-button-inner\">\n\n                                            <span class=\"eael-creative-button-icon-left\"><svg aria-hidden=\"true\" class=\"e-font-icon-svg e-fas-file-download\" viewBox=\"0 0 384 512\" xmlns=\"http:\/\/www.w3.org\/2000\/svg\"><path d=\"M224 136V0H24C10.7 0 0 10.7 0 24v464c0 13.3 10.7 24 24 24h336c13.3 0 24-10.7 24-24V160H248c-13.2 0-24-10.8-24-24zm76.45 211.36l-96.42 95.7c-6.65 6.61-17.39 6.61-24.04 0l-96.42-95.7C73.42 337.29 80.54 320 94.82 320H160v-80c0-8.84 7.16-16 16-16h32c8.84 0 16 7.16 16 16v80h65.18c14.28 0 21.4 17.29 11.27 27.36zM377 105L279.1 7c-4.5-4.5-10.6-7-17-7H256v128h128v-6.1c0-6.3-2.5-12.4-7-16.9z\"><\/path><\/svg><\/span>                    \n                    <span class=\"cretive-button-text\">Contactar<\/span>\n\n                                    <\/div>\n\t                        <\/a>\n        <\/div>\n\t\t\t\t<\/div>\n\t\t\t\t<\/div>\n\t\t\t\t\t<\/div>\n\t\t\t\t<\/div>\n\t\t\t\t<\/div>\n\t\t","protected":false},"excerpt":{"rendered":"<p>Administraci\u00f3n de Inmuebles Deja tu propiedad en manos expertas Nosotros nos encargamos de todo: desde seleccionar al inquilino ideal hasta mantener tu inmueble en las mejores condiciones. Investigaci\u00f3n de inquilinos Verificamos antecedentes, referencias laborales y financieras para asegurar que tus inquilinos sean confiables y solventes. Nuestro objetivo: minimizar riesgos y proteger tu patrimonio. Celebraci\u00f3n de [&hellip;]<\/p>\n","protected":false},"author":1,"featured_media":0,"parent":0,"menu_order":0,"comment_status":"closed","ping_status":"closed","template":"elementor_header_footer","meta":{"_eb_attr":"","pagelayer_contact_templates":[],"_pagelayer_content":"","footnotes":""},"class_list":["post-1377","page","type-page","status-publish","hentry"],"_links":{"self":[{"href":"https:\/\/3i.com.mx\/index.php\/wp-json\/wp\/v2\/pages\/1377","targetHints":{"allow":["GET"]}}],"collection":[{"href":"https:\/\/3i.com.mx\/index.php\/wp-json\/wp\/v2\/pages"}],"about":[{"href":"https:\/\/3i.com.mx\/index.php\/wp-json\/wp\/v2\/types\/page"}],"author":[{"embeddable":true,"href":"https:\/\/3i.com.mx\/index.php\/wp-json\/wp\/v2\/users\/1"}],"replies":[{"embeddable":true,"href":"https:\/\/3i.com.mx\/index.php\/wp-json\/wp\/v2\/comments?post=1377"}],"version-history":[{"count":22,"href":"https:\/\/3i.com.mx\/index.php\/wp-json\/wp\/v2\/pages\/1377\/revisions"}],"predecessor-version":[{"id":1409,"href":"https:\/\/3i.com.mx\/index.php\/wp-json\/wp\/v2\/pages\/1377\/revisions\/1409"}],"wp:attachment":[{"href":"https:\/\/3i.com.mx\/index.php\/wp-json\/wp\/v2\/media?parent=1377"}],"curies":[{"name":"wp","href":"https:\/\/api.w.org\/{rel}","templated":true}]}}