{"id":1343,"date":"2025-05-13T23:01:13","date_gmt":"2025-05-13T23:01:13","guid":{"rendered":"https:\/\/3i.com.mx\/?page_id=1343"},"modified":"2025-05-13T23:30:40","modified_gmt":"2025-05-13T23:30:40","slug":"asesoria-personalizada","status":"publish","type":"page","link":"https:\/\/3i.com.mx\/index.php\/asesoria-personalizada\/","title":{"rendered":"Asesor\u00eda personalizada"},"content":{"rendered":"\t\t<div data-elementor-type=\"wp-page\" data-elementor-id=\"1343\" class=\"elementor elementor-1343\">\n\t\t\t\t\t\t<section class=\"elementor-section elementor-top-section elementor-element elementor-element-a30bd35 elementor-section-stretched elementor-section-full_width elementor-section-height-default elementor-section-height-default\" data-id=\"a30bd35\" data-element_type=\"section\" data-settings=\"{&quot;stretch_section&quot;:&quot;section-stretched&quot;,&quot;background_background&quot;:&quot;classic&quot;}\">\n\t\t\t\t\t\t<div class=\"elementor-container elementor-column-gap-no\">\n\t\t\t\t\t<div class=\"elementor-column elementor-col-100 elementor-top-column elementor-element elementor-element-f98bcf9\" data-id=\"f98bcf9\" data-element_type=\"column\">\n\t\t\t<div class=\"elementor-widget-wrap elementor-element-populated\">\n\t\t\t\t\t\t<section class=\"elementor-section elementor-inner-section elementor-element elementor-element-54a910e elementor-section-boxed elementor-section-height-default elementor-section-height-default elementor-invisible\" data-id=\"54a910e\" data-element_type=\"section\" data-settings=\"{&quot;animation&quot;:&quot;fadeIn&quot;}\">\n\t\t\t\t\t\t<div class=\"elementor-container elementor-column-gap-no\">\n\t\t\t\t\t<div class=\"elementor-column elementor-col-100 elementor-inner-column elementor-element elementor-element-0a983b4\" data-id=\"0a983b4\" data-element_type=\"column\">\n\t\t\t<div class=\"elementor-widget-wrap elementor-element-populated\">\n\t\t\t\t\t\t<div class=\"elementor-element elementor-element-f1d1595 elementor-widget elementor-widget-heading\" data-id=\"f1d1595\" data-element_type=\"widget\" data-widget_type=\"heading.default\">\n\t\t\t\t<div class=\"elementor-widget-container\">\n\t\t\t\t\t<h2 class=\"elementor-heading-title elementor-size-default\">Asesor\u00eda personalizada<\/h2>\t\t\t\t<\/div>\n\t\t\t\t<\/div>\n\t\t\t\t\t<\/div>\n\t\t<\/div>\n\t\t\t\t\t<\/div>\n\t\t<\/section>\n\t\t\t\t\t<\/div>\n\t\t<\/div>\n\t\t\t\t\t<\/div>\n\t\t<\/section>\n\t\t<div class=\"elementor-element elementor-element-46ed81b e-flex e-con-boxed e-con e-parent\" data-id=\"46ed81b\" data-element_type=\"container\">\n\t\t\t\t\t<div class=\"e-con-inner\">\n\t\t\t\t<div class=\"elementor-element elementor-element-7e42e40 elementor-widget elementor-widget-spacer\" data-id=\"7e42e40\" data-element_type=\"widget\" data-widget_type=\"spacer.default\">\n\t\t\t\t<div class=\"elementor-widget-container\">\n\t\t\t\t\t\t\t<div class=\"elementor-spacer\">\n\t\t\t<div class=\"elementor-spacer-inner\"><\/div>\n\t\t<\/div>\n\t\t\t\t\t\t<\/div>\n\t\t\t\t<\/div>\n\t\t\t\t<div class=\"elementor-element elementor-element-47c8335 elementor-widget elementor-widget-heading\" data-id=\"47c8335\" data-element_type=\"widget\" data-widget_type=\"heading.default\">\n\t\t\t\t<div class=\"elementor-widget-container\">\n\t\t\t\t\t<h2 class=\"elementor-heading-title elementor-size-default\">Toma decisiones con seguridad.<\/h2>\t\t\t\t<\/div>\n\t\t\t\t<\/div>\n\t\t\t\t<div class=\"elementor-element elementor-element-812d14a elementor-widget__width-initial elementor-widget elementor-widget-text-editor\" data-id=\"812d14a\" data-element_type=\"widget\" data-widget_type=\"text-editor.default\">\n\t\t\t\t<div class=\"elementor-widget-container\">\n\t\t\t\t\t\t\t\t\t<p>Ya sea que vendas, rentes o busques invertir, en<em> 3i Inmobilaria<\/em> te brindamos el respaldo experto que necesitas para hacerlo bien desde el inicio.\u00a0<\/p>\t\t\t\t\t\t\t\t<\/div>\n\t\t\t\t<\/div>\n\t\t\t\t\t<\/div>\n\t\t\t\t<\/div>\n\t\t<div class=\"elementor-element elementor-element-fd965ef e-grid e-con-boxed e-con e-parent\" data-id=\"fd965ef\" data-element_type=\"container\">\n\t\t\t\t\t<div class=\"e-con-inner\">\n\t\t\t\t<div class=\"elementor-element elementor-element-79b616c e-transform elementor-position-left elementor-position-top elementor-invisible elementor-widget elementor-widget-image-box\" data-id=\"79b616c\" data-element_type=\"widget\" data-settings=\"{&quot;_animation&quot;:&quot;zoomIn&quot;,&quot;_transform_scale_effect_hover&quot;:{&quot;unit&quot;:&quot;px&quot;,&quot;size&quot;:0.90000000000000002220446049250313080847263336181640625,&quot;sizes&quot;:[]},&quot;_transform_scale_effect_hover_tablet&quot;:{&quot;unit&quot;:&quot;px&quot;,&quot;size&quot;:&quot;&quot;,&quot;sizes&quot;:[]},&quot;_transform_scale_effect_hover_mobile&quot;:{&quot;unit&quot;:&quot;px&quot;,&quot;size&quot;:&quot;&quot;,&quot;sizes&quot;:[]}}\" data-widget_type=\"image-box.default\">\n\t\t\t\t<div class=\"elementor-widget-container\">\n\t\t\t\t\t<div class=\"elementor-image-box-wrapper\"><figure class=\"elementor-image-box-img\"><img fetchpriority=\"high\" decoding=\"async\" width=\"236\" height=\"236\" src=\"https:\/\/3i.com.mx\/wp-content\/uploads\/2025\/05\/CREDITO-hipotecario-1.png\" class=\"attachment-full size-full wp-image-1356\" alt=\"\" srcset=\"https:\/\/3i.com.mx\/wp-content\/uploads\/2025\/05\/CREDITO-hipotecario-1.png 236w, https:\/\/3i.com.mx\/wp-content\/uploads\/2025\/05\/CREDITO-hipotecario-1-150x150.png 150w, https:\/\/3i.com.mx\/wp-content\/uploads\/2025\/05\/CREDITO-hipotecario-1-100x100.png 100w\" sizes=\"(max-width: 236px) 100vw, 236px\" \/><\/figure><div class=\"elementor-image-box-content\"><h3 class=\"elementor-image-box-title\">Cr\u00e9ditos Hipotecarios<\/h3><p class=\"elementor-image-box-description\">Te ayudamos a identificar la mejor opci\u00f3n de financiamiento seg\u00fan tu perfil y objetivos. Comparamos alternativas bancarias y te guiamos durante todo el proceso, desde la precalificaci\u00f3n hasta la firma de escritura.<\/p><\/div><\/div>\t\t\t\t<\/div>\n\t\t\t\t<\/div>\n\t\t\t\t<div class=\"elementor-element elementor-element-281ac88 e-transform elementor-position-left elementor-position-top elementor-invisible elementor-widget elementor-widget-image-box\" data-id=\"281ac88\" data-element_type=\"widget\" data-settings=\"{&quot;_animation&quot;:&quot;zoomIn&quot;,&quot;_transform_scale_effect_hover&quot;:{&quot;unit&quot;:&quot;px&quot;,&quot;size&quot;:0.90000000000000002220446049250313080847263336181640625,&quot;sizes&quot;:[]},&quot;_transform_scale_effect_hover_tablet&quot;:{&quot;unit&quot;:&quot;px&quot;,&quot;size&quot;:&quot;&quot;,&quot;sizes&quot;:[]},&quot;_transform_scale_effect_hover_mobile&quot;:{&quot;unit&quot;:&quot;px&quot;,&quot;size&quot;:&quot;&quot;,&quot;sizes&quot;:[]}}\" data-widget_type=\"image-box.default\">\n\t\t\t\t<div class=\"elementor-widget-container\">\n\t\t\t\t\t<div class=\"elementor-image-box-wrapper\"><figure class=\"elementor-image-box-img\"><img decoding=\"async\" width=\"237\" height=\"237\" src=\"https:\/\/3i.com.mx\/wp-content\/uploads\/2025\/05\/servicio-asesoria-inmobilaria2.png\" class=\"attachment-full size-full wp-image-1361\" alt=\"\" srcset=\"https:\/\/3i.com.mx\/wp-content\/uploads\/2025\/05\/servicio-asesoria-inmobilaria2.png 237w, https:\/\/3i.com.mx\/wp-content\/uploads\/2025\/05\/servicio-asesoria-inmobilaria2-150x150.png 150w, https:\/\/3i.com.mx\/wp-content\/uploads\/2025\/05\/servicio-asesoria-inmobilaria2-100x100.png 100w\" sizes=\"(max-width: 237px) 100vw, 237px\" \/><\/figure><div class=\"elementor-image-box-content\"><h3 class=\"elementor-image-box-title\">Aval\u00faos<\/h3><p class=\"elementor-image-box-description\">Contamos con peritos valuadores certificados para determinar el valor comercial real de tu propiedad. Ya sea para venta, compra o cr\u00e9dito, obt\u00e9n un aval\u00fao confiable y avalado por instituciones financieras.<\/p><\/div><\/div>\t\t\t\t<\/div>\n\t\t\t\t<\/div>\n\t\t\t\t<div class=\"elementor-element elementor-element-d18128e e-transform elementor-position-left elementor-position-top elementor-invisible elementor-widget elementor-widget-image-box\" data-id=\"d18128e\" data-element_type=\"widget\" data-settings=\"{&quot;_animation&quot;:&quot;zoomIn&quot;,&quot;_transform_scale_effect_hover&quot;:{&quot;unit&quot;:&quot;px&quot;,&quot;size&quot;:0.90000000000000002220446049250313080847263336181640625,&quot;sizes&quot;:[]},&quot;_transform_scale_effect_hover_tablet&quot;:{&quot;unit&quot;:&quot;px&quot;,&quot;size&quot;:&quot;&quot;,&quot;sizes&quot;:[]},&quot;_transform_scale_effect_hover_mobile&quot;:{&quot;unit&quot;:&quot;px&quot;,&quot;size&quot;:&quot;&quot;,&quot;sizes&quot;:[]}}\" data-widget_type=\"image-box.default\">\n\t\t\t\t<div class=\"elementor-widget-container\">\n\t\t\t\t\t<div class=\"elementor-image-box-wrapper\"><figure class=\"elementor-image-box-img\"><img decoding=\"async\" width=\"237\" height=\"237\" src=\"https:\/\/3i.com.mx\/wp-content\/uploads\/2025\/05\/servicio-asesoria-inmobilaria3.png\" class=\"attachment-full size-full wp-image-1362\" alt=\"\" srcset=\"https:\/\/3i.com.mx\/wp-content\/uploads\/2025\/05\/servicio-asesoria-inmobilaria3.png 237w, https:\/\/3i.com.mx\/wp-content\/uploads\/2025\/05\/servicio-asesoria-inmobilaria3-150x150.png 150w, https:\/\/3i.com.mx\/wp-content\/uploads\/2025\/05\/servicio-asesoria-inmobilaria3-100x100.png 100w\" sizes=\"(max-width: 237px) 100vw, 237px\" \/><\/figure><div class=\"elementor-image-box-content\"><h3 class=\"elementor-image-box-title\">Tr\u00e1mites Notariales<\/h3><p class=\"elementor-image-box-description\">Gestionamos y damos seguimiento a todos los tr\u00e1mites ante notar\u00eda: elaboraci\u00f3n de escrituras, contratos, firmas y protocolizaci\u00f3n. Asegura un proceso legal, \u00e1gil y transparente.<\/p><\/div><\/div>\t\t\t\t<\/div>\n\t\t\t\t<\/div>\n\t\t\t\t\t<\/div>\n\t\t\t\t<\/div>\n\t\t<div class=\"elementor-element elementor-element-cf08b4c e-grid e-con-boxed e-con e-parent\" data-id=\"cf08b4c\" data-element_type=\"container\">\n\t\t\t\t\t<div class=\"e-con-inner\">\n\t\t\t\t<div class=\"elementor-element elementor-element-509e385 e-transform elementor-position-left elementor-position-top elementor-invisible elementor-widget elementor-widget-image-box\" data-id=\"509e385\" data-element_type=\"widget\" data-settings=\"{&quot;_animation&quot;:&quot;zoomIn&quot;,&quot;_transform_scale_effect_hover&quot;:{&quot;unit&quot;:&quot;px&quot;,&quot;size&quot;:0.90000000000000002220446049250313080847263336181640625,&quot;sizes&quot;:[]},&quot;_transform_scale_effect_hover_tablet&quot;:{&quot;unit&quot;:&quot;px&quot;,&quot;size&quot;:&quot;&quot;,&quot;sizes&quot;:[]},&quot;_transform_scale_effect_hover_mobile&quot;:{&quot;unit&quot;:&quot;px&quot;,&quot;size&quot;:&quot;&quot;,&quot;sizes&quot;:[]}}\" data-widget_type=\"image-box.default\">\n\t\t\t\t<div class=\"elementor-widget-container\">\n\t\t\t\t\t<div class=\"elementor-image-box-wrapper\"><figure class=\"elementor-image-box-img\"><img loading=\"lazy\" decoding=\"async\" width=\"237\" height=\"237\" src=\"https:\/\/3i.com.mx\/wp-content\/uploads\/2025\/05\/servicio-asesoria-inmobilaria4.png\" class=\"attachment-full size-full wp-image-1363\" alt=\"\" srcset=\"https:\/\/3i.com.mx\/wp-content\/uploads\/2025\/05\/servicio-asesoria-inmobilaria4.png 237w, https:\/\/3i.com.mx\/wp-content\/uploads\/2025\/05\/servicio-asesoria-inmobilaria4-150x150.png 150w, https:\/\/3i.com.mx\/wp-content\/uploads\/2025\/05\/servicio-asesoria-inmobilaria4-100x100.png 100w\" sizes=\"(max-width: 237px) 100vw, 237px\" \/><\/figure><div class=\"elementor-image-box-content\"><h3 class=\"elementor-image-box-title\">Tr\u00e1mites ante Dependencias P\u00fablicas<\/h3><p class=\"elementor-image-box-description\">Te apoyamos con regularizaciones, pagos de predial, libertad de gravamen, inscripci\u00f3n en el Registro P\u00fablico de la Propiedad, y cualquier gesti\u00f3n ante instancias como Catastro, Tesorer\u00eda o SEDUVI.<\/p><\/div><\/div>\t\t\t\t<\/div>\n\t\t\t\t<\/div>\n\t\t\t\t\t<\/div>\n\t\t\t\t<\/div>\n\t\t<div class=\"elementor-element elementor-element-4c6a15f e-flex e-con-boxed e-con e-parent\" data-id=\"4c6a15f\" data-element_type=\"container\">\n\t\t\t\t\t<div class=\"e-con-inner\">\n\t\t\t\t<div class=\"elementor-element elementor-element-3aa584c elementor-widget__width-initial elementor-widget elementor-widget-text-editor\" data-id=\"3aa584c\" data-element_type=\"widget\" data-widget_type=\"text-editor.default\">\n\t\t\t\t<div class=\"elementor-widget-container\">\n\t\t\t\t\t\t\t\t\t<p>Ya sea que vendas, rentes o busques invertir, en<em> 3i Inmobilaria<\/em> te brindamos el respaldo experto que necesitas para hacerlo bien desde el inicio.\u00a0<\/p>\t\t\t\t\t\t\t\t<\/div>\n\t\t\t\t<\/div>\n\t\t\t\t<div class=\"elementor-element elementor-element-b473280 elementor-widget elementor-widget-eael-creative-button\" data-id=\"b473280\" data-element_type=\"widget\" data-widget_type=\"eael-creative-button.default\">\n\t\t\t\t<div class=\"elementor-widget-container\">\n\t\t\t\t\t        <div class=\"eael-creative-button-wrapper\">\n\n            <a class=\"eael-creative-button eael-creative-button--ujarak\" href=\"https:\/\/wa.me\/message\/LIHSNCOEF74DL1\" data-text=\"Go!\">\n\n\t    \n                <div class=\"creative-button-inner\">\n\n                                            <span class=\"eael-creative-button-icon-left\"><svg aria-hidden=\"true\" class=\"e-font-icon-svg e-fas-file-download\" viewBox=\"0 0 384 512\" xmlns=\"http:\/\/www.w3.org\/2000\/svg\"><path d=\"M224 136V0H24C10.7 0 0 10.7 0 24v464c0 13.3 10.7 24 24 24h336c13.3 0 24-10.7 24-24V160H248c-13.2 0-24-10.8-24-24zm76.45 211.36l-96.42 95.7c-6.65 6.61-17.39 6.61-24.04 0l-96.42-95.7C73.42 337.29 80.54 320 94.82 320H160v-80c0-8.84 7.16-16 16-16h32c8.84 0 16 7.16 16 16v80h65.18c14.28 0 21.4 17.29 11.27 27.36zM377 105L279.1 7c-4.5-4.5-10.6-7-17-7H256v128h128v-6.1c0-6.3-2.5-12.4-7-16.9z\"><\/path><\/svg><\/span>                    \n                    <span class=\"cretive-button-text\">Contactar<\/span>\n\n                                    <\/div>\n\t                        <\/a>\n        <\/div>\n\t\t\t\t<\/div>\n\t\t\t\t<\/div>\n\t\t\t\t\t<\/div>\n\t\t\t\t<\/div>\n\t\t\t\t<\/div>\n\t\t","protected":false},"excerpt":{"rendered":"<p>Asesor\u00eda personalizada Toma decisiones con seguridad. Ya sea que vendas, rentes o busques invertir, en 3i Inmobilaria te brindamos el respaldo experto que necesitas para hacerlo bien desde el inicio.\u00a0 Cr\u00e9ditos Hipotecarios Te ayudamos a identificar la mejor opci\u00f3n de financiamiento seg\u00fan tu perfil y objetivos. Comparamos alternativas bancarias y te guiamos durante todo el [&hellip;]<\/p>\n","protected":false},"author":1,"featured_media":0,"parent":0,"menu_order":0,"comment_status":"closed","ping_status":"closed","template":"elementor_header_footer","meta":{"_eb_attr":"","pagelayer_contact_templates":[],"_pagelayer_content":"","footnotes":""},"class_list":["post-1343","page","type-page","status-publish","hentry"],"_links":{"self":[{"href":"https:\/\/3i.com.mx\/index.php\/wp-json\/wp\/v2\/pages\/1343","targetHints":{"allow":["GET"]}}],"collection":[{"href":"https:\/\/3i.com.mx\/index.php\/wp-json\/wp\/v2\/pages"}],"about":[{"href":"https:\/\/3i.com.mx\/index.php\/wp-json\/wp\/v2\/types\/page"}],"author":[{"embeddable":true,"href":"https:\/\/3i.com.mx\/index.php\/wp-json\/wp\/v2\/users\/1"}],"replies":[{"embeddable":true,"href":"https:\/\/3i.com.mx\/index.php\/wp-json\/wp\/v2\/comments?post=1343"}],"version-history":[{"count":22,"href":"https:\/\/3i.com.mx\/index.php\/wp-json\/wp\/v2\/pages\/1343\/revisions"}],"predecessor-version":[{"id":1381,"href":"https:\/\/3i.com.mx\/index.php\/wp-json\/wp\/v2\/pages\/1343\/revisions\/1381"}],"wp:attachment":[{"href":"https:\/\/3i.com.mx\/index.php\/wp-json\/wp\/v2\/media?parent=1343"}],"curies":[{"name":"wp","href":"https:\/\/api.w.org\/{rel}","templated":true}]}}